{"id":33,"date":"2020-08-12T23:16:24","date_gmt":"2020-08-12T21:16:24","guid":{"rendered":"http:\/\/wordpress\/?page_id=33"},"modified":"2026-04-29T22:51:12","modified_gmt":"2026-04-29T20:51:12","slug":"willkommen","status":"publish","type":"page","link":"https:\/\/familie-weitgereist.de\/","title":{"rendered":"Das sind wir."},"content":{"rendered":"\n<p>Wir sind Michaela und Philipp und mittlerweile begleiten uns unsere zwei kleinen Jungs, Merlin und Maris und unser kleines M\u00e4dchen Madita auf allen unseren gro\u00dfen und kleinen Abenteuern. Bevor unser erster Junge geboren wurde, sind wir schon sehr viel gereist. Alle Semesterferien wurden voll ausgesch\u00f6pft, jedes verl\u00e4ngerte Wochenende genutzt.<\/p>\n\n\n\n<figure class=\"wp-block-image size-large\"><img loading=\"lazy\" decoding=\"async\" width=\"1024\" height=\"683\" src=\"https:\/\/weitgereist.ddns.net\/wp-content\/uploads\/2020\/10\/IMG_3099-1024x683.jpg\" alt=\"\" class=\"wp-image-1580\" srcset=\"https:\/\/familie-weitgereist.de\/wp-content\/uploads\/2020\/10\/IMG_3099-1024x683.jpg 1024w, https:\/\/familie-weitgereist.de\/wp-content\/uploads\/2020\/10\/IMG_3099-300x200.jpg 300w, https:\/\/familie-weitgereist.de\/wp-content\/uploads\/2020\/10\/IMG_3099-768x512.jpg 768w, https:\/\/familie-weitgereist.de\/wp-content\/uploads\/2020\/10\/IMG_3099-1536x1024.jpg 1536w, https:\/\/familie-weitgereist.de\/wp-content\/uploads\/2020\/10\/IMG_3099-2048x1365.jpg 2048w, https:\/\/familie-weitgereist.de\/wp-content\/uploads\/2020\/10\/IMG_3099-1200x800.jpg 1200w, https:\/\/familie-weitgereist.de\/wp-content\/uploads\/2020\/10\/IMG_3099-1980x1320.jpg 1980w, https:\/\/familie-weitgereist.de\/wp-content\/uploads\/2020\/10\/IMG_3099-150x100.jpg 150w\" sizes=\"(max-width: 1024px) 100vw, 1024px\" \/><figcaption class=\"wp-element-caption\">Wandern bei den antiken Ruinen von Lamanai in Belize, September 2018<\/figcaption><\/figure>\n\n\n\n<figure class=\"wp-block-image size-large\"><img loading=\"lazy\" decoding=\"async\" width=\"1024\" height=\"768\" src=\"https:\/\/familie-weitgereist.de\/wp-content\/uploads\/2023\/01\/IMG_20221207_144655-1024x768.jpg\" alt=\"\" class=\"wp-image-12730\" srcset=\"https:\/\/familie-weitgereist.de\/wp-content\/uploads\/2023\/01\/IMG_20221207_144655-1024x768.jpg 1024w, https:\/\/familie-weitgereist.de\/wp-content\/uploads\/2023\/01\/IMG_20221207_144655-300x225.jpg 300w, https:\/\/familie-weitgereist.de\/wp-content\/uploads\/2023\/01\/IMG_20221207_144655-768x576.jpg 768w, https:\/\/familie-weitgereist.de\/wp-content\/uploads\/2023\/01\/IMG_20221207_144655-1536x1152.jpg 1536w, https:\/\/familie-weitgereist.de\/wp-content\/uploads\/2023\/01\/IMG_20221207_144655-2048x1536.jpg 2048w, https:\/\/familie-weitgereist.de\/wp-content\/uploads\/2023\/01\/IMG_20221207_144655-1200x900.jpg 1200w, https:\/\/familie-weitgereist.de\/wp-content\/uploads\/2023\/01\/IMG_20221207_144655-1980x1485.jpg 1980w, https:\/\/familie-weitgereist.de\/wp-content\/uploads\/2023\/01\/IMG_20221207_144655-150x113.jpg 150w\" sizes=\"(max-width: 1024px) 100vw, 1024px\" \/><figcaption class=\"wp-element-caption\">Erkundung von Andorra la Vella, Dezember 2022<\/figcaption><\/figure>\n\n\n\n<figure class=\"wp-block-image size-large\"><img loading=\"lazy\" decoding=\"async\" width=\"1024\" height=\"768\" src=\"https:\/\/familie-weitgereist.de\/wp-content\/uploads\/2025\/09\/1000011909-1024x768.jpg\" alt=\"\" class=\"wp-image-22721\" srcset=\"https:\/\/familie-weitgereist.de\/wp-content\/uploads\/2025\/09\/1000011909-1024x768.jpg 1024w, https:\/\/familie-weitgereist.de\/wp-content\/uploads\/2025\/09\/1000011909-300x225.jpg 300w, https:\/\/familie-weitgereist.de\/wp-content\/uploads\/2025\/09\/1000011909-768x576.jpg 768w, https:\/\/familie-weitgereist.de\/wp-content\/uploads\/2025\/09\/1000011909-1536x1152.jpg 1536w, https:\/\/familie-weitgereist.de\/wp-content\/uploads\/2025\/09\/1000011909-2048x1536.jpg 2048w, https:\/\/familie-weitgereist.de\/wp-content\/uploads\/2025\/09\/1000011909-1200x900.jpg 1200w, https:\/\/familie-weitgereist.de\/wp-content\/uploads\/2025\/09\/1000011909-1980x1485.jpg 1980w, https:\/\/familie-weitgereist.de\/wp-content\/uploads\/2025\/09\/1000011909-150x113.jpg 150w\" sizes=\"(max-width: 1024px) 100vw, 1024px\" \/><figcaption class=\"wp-element-caption\">Erkundung des Oberlausitzer Teichgebietes, Juni 2025<\/figcaption><\/figure>\n\n\n\n<h2 class=\"wp-block-heading\">Wieso verreisen wir als Familie? <\/h2>\n\n\n\n<p>Seitdem wir mit unseren Jungs reisen, gab es aus unserem Freundes- und Bekanntenkreis immer wieder viele Fragen. Die meisten k\u00f6nnen sich nicht vorstellen, dass wir mit Baby so viele Nah- und Fernreisen, Kurz- und Langzeittrips unternommen haben. Daher haben wir uns dazu entschlossen unsere Erfahrungen auf unserem Blog zu teilen. Wir m\u00f6chten dich an unseren Erlebnissen teilhaben lassen, Ausflugstipps geben und inspirieren um unvergessliche Reiseabenteuer zu erleben.<\/p>\n\n\n\n<p>Mit unserem ersten Sohn <strong>Merlin<\/strong> sind wir mittlerweile schon in <strong>56 L\u00e4ndern<\/strong> unterwegs gewesen. <strong>Maris<\/strong>, unser zweiter Sohn, war mit uns schon in <strong>44 L\u00e4ndern<\/strong>. <strong>Madita<\/strong> hat mit uns schon <strong>13 L\u00e4nder<\/strong> erkundet. Wir lieben es als Familie zu verreisen und unsere kostbare Familienzeit gemeinsam zu verbringen.<\/p>\n\n\n\n<p>Unsere Kinder sind es gewohnt mit verschiedenen <strong>Verkehrsmitteln<\/strong> (Flugzeug, Bus, Zug, TukTuk, Tram, Metro, Motorrad, Boot) zu reisen. Oft \u00fcbernachten wir in Ferienwohnungen oder AirBnB&#8217;s. <\/p>\n\n\n\n<p>Von <strong>Campingreisen<\/strong> mit unserem eigenen VW T6, <strong>Backpacking mit eigenem Zelt<\/strong>, \u00fcber <strong><em>Workation<\/em> Aufenthalte<\/strong>, wo Philipp von unterwegs arbeitete, haben wir schon viele verschiedene Reisearten ausprobiert.<\/p>\n\n\n\n<p>Besonders wenn wir mit dem Flugzeug oder als Backpacker unterwegs sind, versuchen wir unser Gep\u00e4ck so minimalistisch wie m\u00f6glich zu halten. Daher reisen wir mit kleinem Gep\u00e4ck und nehmen meistens drei kleine Handgep\u00e4cksrucks\u00e4cke mit und unseren YoYo Reisebuggy von BabyZen.<\/p>\n\n\n\n<p>Als Familie lieben wir es aktiv zu sein und viele spannende Aktivit\u00e4ten zu unternehmen und Orte zu erkunden. <\/p>\n\n\n\n<p>Einen <a href=\"https:\/\/familie-weitgereist.de\/?p=7005\">\u00dcberblick \u00fcber all unsere Reisen als Familie<\/a> haben wir auf unserem Blog zusammen gestellt.<\/p>\n\n\n\n<figure class=\"wp-block-image size-large\"><img loading=\"lazy\" decoding=\"async\" width=\"1024\" height=\"683\" src=\"https:\/\/weitgereist.ddns.net\/wp-content\/uploads\/2020\/10\/IMG_0632-1024x683.jpg\" alt=\"\" class=\"wp-image-1579\" srcset=\"https:\/\/familie-weitgereist.de\/wp-content\/uploads\/2020\/10\/IMG_0632-1024x683.jpg 1024w, https:\/\/familie-weitgereist.de\/wp-content\/uploads\/2020\/10\/IMG_0632-300x200.jpg 300w, https:\/\/familie-weitgereist.de\/wp-content\/uploads\/2020\/10\/IMG_0632-768x512.jpg 768w, https:\/\/familie-weitgereist.de\/wp-content\/uploads\/2020\/10\/IMG_0632-1536x1024.jpg 1536w, https:\/\/familie-weitgereist.de\/wp-content\/uploads\/2020\/10\/IMG_0632-2048x1365.jpg 2048w, https:\/\/familie-weitgereist.de\/wp-content\/uploads\/2020\/10\/IMG_0632-1200x800.jpg 1200w, https:\/\/familie-weitgereist.de\/wp-content\/uploads\/2020\/10\/IMG_0632-1980x1320.jpg 1980w, https:\/\/familie-weitgereist.de\/wp-content\/uploads\/2020\/10\/IMG_0632-150x100.jpg 150w\" sizes=\"(max-width: 1024px) 100vw, 1024px\" \/><figcaption class=\"wp-element-caption\"> Wandern auf dem F\u00fcrstensteig &#8222;Drei Schwestern&#8220; in Liechtenstein, Juli 2020<\/figcaption><\/figure>\n\n\n\n<p>Wir w\u00fcnschen euch viel Spa\u00df beim Lesen!<\/p>\n\n\n<div class=\"wp-block-themeisle-blocks-posts-grid\" id=\"wp-block-themeisle-blocks-posts-grid-e4473a79\"><div class=\"is-grid o-posts-grid-columns-3\"><div class=\"o-posts-grid-post-blog o-posts-grid-post-plain\"><div class=\"o-posts-grid-post\"><div class=\"o-posts-grid-post-image\"><a href=\"https:\/\/familie-weitgereist.de\/?p=7005\"><img loading=\"lazy\" decoding=\"async\" width=\"1536\" height=\"1152\" src=\"https:\/\/familie-weitgereist.de\/wp-content\/uploads\/2021\/10\/1000011909-1536x1152-1.jpg\" class=\"attachment-full size-full\" alt=\"Reiseziele von Merlin, Maris und Madita\" srcset=\"https:\/\/familie-weitgereist.de\/wp-content\/uploads\/2021\/10\/1000011909-1536x1152-1.jpg 1536w, https:\/\/familie-weitgereist.de\/wp-content\/uploads\/2021\/10\/1000011909-1536x1152-1-300x225.jpg 300w, https:\/\/familie-weitgereist.de\/wp-content\/uploads\/2021\/10\/1000011909-1536x1152-1-1024x768.jpg 1024w, https:\/\/familie-weitgereist.de\/wp-content\/uploads\/2021\/10\/1000011909-1536x1152-1-768x576.jpg 768w, https:\/\/familie-weitgereist.de\/wp-content\/uploads\/2021\/10\/1000011909-1536x1152-1-1200x900.jpg 1200w, https:\/\/familie-weitgereist.de\/wp-content\/uploads\/2021\/10\/1000011909-1536x1152-1-150x113.jpg 150w\" sizes=\"(max-width: 1536px) 100vw, 1536px\" \/><\/a><\/div><div class=\"o-posts-grid-post-body\"><span class=\"o-posts-grid-post-category\"><a href=\"https:\/\/familie-weitgereist.de\/?cat=4\">L\u00e4nder<\/a><\/span><h4 class=\"o-posts-grid-post-title\"><a href=\"https:\/\/familie-weitgereist.de\/?p=7005\">Reiseziele von Merlin, Maris und Madita<\/a><\/h4><p class=\"o-posts-grid-post-meta\">Posted on <time datetime=\"2021-10-16T20:31:03+02:00\">16. Oktober 2021<\/time> by <a href=\"https:\/\/familie-weitgereist.de\/author\/michaela\">Michaela<\/a><\/p><div class=\"o-posts-grid-post-description\"><p>Hier erstellen wir eine fortgef\u00fchrte Liste \u00fcber unsere Reisen und die L\u00e4nder, die Merlin, Maris und \u2026<\/p><\/div><\/div><\/div><\/div><div class=\"o-posts-grid-post-blog o-posts-grid-post-plain\"><div class=\"o-posts-grid-post\"><div class=\"o-posts-grid-post-image\"><a href=\"https:\/\/familie-weitgereist.de\/?p=25161\"><img loading=\"lazy\" decoding=\"async\" width=\"2560\" height=\"1920\" src=\"https:\/\/familie-weitgereist.de\/wp-content\/uploads\/2026\/04\/1000045729-scaled.jpg\" class=\"attachment-full size-full\" alt=\"Osterferien auf Teneriffa mit kleinen Kindern und Baby\" srcset=\"https:\/\/familie-weitgereist.de\/wp-content\/uploads\/2026\/04\/1000045729-scaled.jpg 2560w, https:\/\/familie-weitgereist.de\/wp-content\/uploads\/2026\/04\/1000045729-300x225.jpg 300w, https:\/\/familie-weitgereist.de\/wp-content\/uploads\/2026\/04\/1000045729-1024x768.jpg 1024w, https:\/\/familie-weitgereist.de\/wp-content\/uploads\/2026\/04\/1000045729-768x576.jpg 768w, https:\/\/familie-weitgereist.de\/wp-content\/uploads\/2026\/04\/1000045729-1536x1152.jpg 1536w, https:\/\/familie-weitgereist.de\/wp-content\/uploads\/2026\/04\/1000045729-2048x1536.jpg 2048w, https:\/\/familie-weitgereist.de\/wp-content\/uploads\/2026\/04\/1000045729-1200x900.jpg 1200w, https:\/\/familie-weitgereist.de\/wp-content\/uploads\/2026\/04\/1000045729-1980x1485.jpg 1980w, https:\/\/familie-weitgereist.de\/wp-content\/uploads\/2026\/04\/1000045729-150x113.jpg 150w\" sizes=\"(max-width: 2560px) 100vw, 2560px\" \/><\/a><\/div><div class=\"o-posts-grid-post-body\"><span class=\"o-posts-grid-post-category\"><a href=\"https:\/\/familie-weitgereist.de\/?cat=4\">L\u00e4nder<\/a><\/span><h4 class=\"o-posts-grid-post-title\"><a href=\"https:\/\/familie-weitgereist.de\/?p=25161\">Osterferien auf Teneriffa mit kleinen Kindern und Baby<\/a><\/h4><p class=\"o-posts-grid-post-meta\">Posted on <time datetime=\"2026-04-05T21:14:42+02:00\">5. April 2026<\/time> by <a href=\"https:\/\/familie-weitgereist.de\/author\/michaela\">Michaela<\/a> \/ 2 comments<\/p><div class=\"o-posts-grid-post-description\"><p>Die Osterferien 2026 haben wir auf Teneriffa verbracht. Insgesamt waren wir 9 Tage auf der gr\u00f6\u00dften k\u2026<\/p><\/div><\/div><\/div><\/div><div class=\"o-posts-grid-post-blog o-posts-grid-post-plain\"><div class=\"o-posts-grid-post\"><div class=\"o-posts-grid-post-image\"><a href=\"https:\/\/familie-weitgereist.de\/?p=25117\"><img loading=\"lazy\" decoding=\"async\" width=\"2560\" height=\"1920\" src=\"https:\/\/familie-weitgereist.de\/wp-content\/uploads\/2026\/03\/1000044199-scaled.jpg\" class=\"attachment-full size-full\" alt=\"Erlebnisparks auf Gran Canaria\" srcset=\"https:\/\/familie-weitgereist.de\/wp-content\/uploads\/2026\/03\/1000044199-scaled.jpg 2560w, https:\/\/familie-weitgereist.de\/wp-content\/uploads\/2026\/03\/1000044199-300x225.jpg 300w, https:\/\/familie-weitgereist.de\/wp-content\/uploads\/2026\/03\/1000044199-1024x768.jpg 1024w, https:\/\/familie-weitgereist.de\/wp-content\/uploads\/2026\/03\/1000044199-768x576.jpg 768w, https:\/\/familie-weitgereist.de\/wp-content\/uploads\/2026\/03\/1000044199-1536x1152.jpg 1536w, https:\/\/familie-weitgereist.de\/wp-content\/uploads\/2026\/03\/1000044199-2048x1536.jpg 2048w, https:\/\/familie-weitgereist.de\/wp-content\/uploads\/2026\/03\/1000044199-1200x900.jpg 1200w, https:\/\/familie-weitgereist.de\/wp-content\/uploads\/2026\/03\/1000044199-1980x1485.jpg 1980w, https:\/\/familie-weitgereist.de\/wp-content\/uploads\/2026\/03\/1000044199-150x113.jpg 150w\" sizes=\"(max-width: 2560px) 100vw, 2560px\" \/><\/a><\/div><div class=\"o-posts-grid-post-body\"><span class=\"o-posts-grid-post-category\"><a href=\"https:\/\/familie-weitgereist.de\/?cat=4\">L\u00e4nder<\/a><\/span><h4 class=\"o-posts-grid-post-title\"><a href=\"https:\/\/familie-weitgereist.de\/?p=25117\">Erlebnisparks auf Gran Canaria<\/a><\/h4><p class=\"o-posts-grid-post-meta\">Posted on <time datetime=\"2026-03-22T21:24:13+01:00\">22. M\u00e4rz 2026<\/time> by <a href=\"https:\/\/familie-weitgereist.de\/author\/michaela\">Michaela<\/a><\/p><div class=\"o-posts-grid-post-description\"><p>Auf der kanarischen Insel Gran Canaria gibt es viele verschiedene Erlebnisparks, die wirklich einen \u2026<\/p><\/div><\/div><\/div><\/div><div class=\"o-posts-grid-post-blog o-posts-grid-post-plain\"><div class=\"o-posts-grid-post\"><div class=\"o-posts-grid-post-image\"><a href=\"https:\/\/familie-weitgereist.de\/?p=24828\"><img loading=\"lazy\" decoding=\"async\" width=\"2560\" height=\"1920\" src=\"https:\/\/familie-weitgereist.de\/wp-content\/uploads\/2024\/05\/1000033544-scaled.jpg\" class=\"attachment-full size-full\" alt=\"Die sch\u00f6nsten Bergd\u00f6rfer auf Gran Canaria\" srcset=\"https:\/\/familie-weitgereist.de\/wp-content\/uploads\/2024\/05\/1000033544-scaled.jpg 2560w, https:\/\/familie-weitgereist.de\/wp-content\/uploads\/2024\/05\/1000033544-300x225.jpg 300w, https:\/\/familie-weitgereist.de\/wp-content\/uploads\/2024\/05\/1000033544-1024x768.jpg 1024w, https:\/\/familie-weitgereist.de\/wp-content\/uploads\/2024\/05\/1000033544-768x576.jpg 768w, https:\/\/familie-weitgereist.de\/wp-content\/uploads\/2024\/05\/1000033544-1536x1152.jpg 1536w, https:\/\/familie-weitgereist.de\/wp-content\/uploads\/2024\/05\/1000033544-2048x1536.jpg 2048w, https:\/\/familie-weitgereist.de\/wp-content\/uploads\/2024\/05\/1000033544-1200x900.jpg 1200w, https:\/\/familie-weitgereist.de\/wp-content\/uploads\/2024\/05\/1000033544-1980x1485.jpg 1980w, https:\/\/familie-weitgereist.de\/wp-content\/uploads\/2024\/05\/1000033544-150x113.jpg 150w\" sizes=\"(max-width: 2560px) 100vw, 2560px\" \/><\/a><\/div><div class=\"o-posts-grid-post-body\"><span class=\"o-posts-grid-post-category\"><a href=\"https:\/\/familie-weitgereist.de\/?cat=8\">Europa<\/a><\/span><h4 class=\"o-posts-grid-post-title\"><a href=\"https:\/\/familie-weitgereist.de\/?p=24828\">Die sch\u00f6nsten Bergd\u00f6rfer auf Gran Canaria<\/a><\/h4><p class=\"o-posts-grid-post-meta\">Posted on <time datetime=\"2026-02-25T22:51:30+01:00\">25. Februar 2026<\/time> by <a href=\"https:\/\/familie-weitgereist.de\/author\/michaela\">Michaela<\/a><\/p><div class=\"o-posts-grid-post-description\"><p>Gran Canaria ist bekannt f\u00fcr seine wundersch\u00f6nen Str\u00e4nde, den D\u00fcnen von Maspalomas und dem ganzj\u00e4hri\u2026<\/p><\/div><\/div><\/div><\/div><div class=\"o-posts-grid-post-blog o-posts-grid-post-plain\"><div class=\"o-posts-grid-post\"><div class=\"o-posts-grid-post-image\"><a href=\"https:\/\/familie-weitgereist.de\/?p=24657\"><img loading=\"lazy\" decoding=\"async\" width=\"2560\" height=\"1920\" src=\"https:\/\/familie-weitgereist.de\/wp-content\/uploads\/2026\/02\/1000036004-scaled.jpg\" class=\"attachment-full size-full\" alt=\"St\u00e4dtetrip Marokko mit kleinen Kindern und Baby\" srcset=\"https:\/\/familie-weitgereist.de\/wp-content\/uploads\/2026\/02\/1000036004-scaled.jpg 2560w, https:\/\/familie-weitgereist.de\/wp-content\/uploads\/2026\/02\/1000036004-300x225.jpg 300w, https:\/\/familie-weitgereist.de\/wp-content\/uploads\/2026\/02\/1000036004-1024x768.jpg 1024w, https:\/\/familie-weitgereist.de\/wp-content\/uploads\/2026\/02\/1000036004-768x576.jpg 768w, https:\/\/familie-weitgereist.de\/wp-content\/uploads\/2026\/02\/1000036004-1536x1152.jpg 1536w, https:\/\/familie-weitgereist.de\/wp-content\/uploads\/2026\/02\/1000036004-2048x1536.jpg 2048w, https:\/\/familie-weitgereist.de\/wp-content\/uploads\/2026\/02\/1000036004-1200x900.jpg 1200w, https:\/\/familie-weitgereist.de\/wp-content\/uploads\/2026\/02\/1000036004-1980x1485.jpg 1980w, https:\/\/familie-weitgereist.de\/wp-content\/uploads\/2026\/02\/1000036004-150x113.jpg 150w\" sizes=\"(max-width: 2560px) 100vw, 2560px\" \/><\/a><\/div><div class=\"o-posts-grid-post-body\"><span class=\"o-posts-grid-post-category\"><a href=\"https:\/\/familie-weitgereist.de\/?cat=4\">L\u00e4nder<\/a><\/span><h4 class=\"o-posts-grid-post-title\"><a href=\"https:\/\/familie-weitgereist.de\/?p=24657\">St\u00e4dtetrip Marokko mit kleinen Kindern und Baby<\/a><\/h4><p class=\"o-posts-grid-post-meta\">Posted on <time datetime=\"2026-02-23T11:46:34+01:00\">23. Februar 2026<\/time> by <a href=\"https:\/\/familie-weitgereist.de\/author\/michaela\">Michaela<\/a><\/p><div class=\"o-posts-grid-post-description\"><p>Marokko mit Kindern zu bereisen ist spannend und abenteuerlich zugleich. Das Land im Norden Afrikas \u2026<\/p><\/div><\/div><\/div><\/div><div class=\"o-posts-grid-post-blog o-posts-grid-post-plain\"><div class=\"o-posts-grid-post\"><div class=\"o-posts-grid-post-image\"><a href=\"https:\/\/familie-weitgereist.de\/?p=24558\"><img loading=\"lazy\" decoding=\"async\" width=\"2560\" height=\"1920\" src=\"https:\/\/familie-weitgereist.de\/wp-content\/uploads\/2025\/11\/1000024004-scaled.jpg\" class=\"attachment-full size-full\" alt=\"Auf den Spuren der Ureinwohner Gran Canarias\" srcset=\"https:\/\/familie-weitgereist.de\/wp-content\/uploads\/2025\/11\/1000024004-scaled.jpg 2560w, https:\/\/familie-weitgereist.de\/wp-content\/uploads\/2025\/11\/1000024004-300x225.jpg 300w, https:\/\/familie-weitgereist.de\/wp-content\/uploads\/2025\/11\/1000024004-1024x768.jpg 1024w, https:\/\/familie-weitgereist.de\/wp-content\/uploads\/2025\/11\/1000024004-768x576.jpg 768w, https:\/\/familie-weitgereist.de\/wp-content\/uploads\/2025\/11\/1000024004-1536x1152.jpg 1536w, https:\/\/familie-weitgereist.de\/wp-content\/uploads\/2025\/11\/1000024004-2048x1536.jpg 2048w, https:\/\/familie-weitgereist.de\/wp-content\/uploads\/2025\/11\/1000024004-1200x900.jpg 1200w, https:\/\/familie-weitgereist.de\/wp-content\/uploads\/2025\/11\/1000024004-1980x1485.jpg 1980w, https:\/\/familie-weitgereist.de\/wp-content\/uploads\/2025\/11\/1000024004-150x113.jpg 150w\" sizes=\"(max-width: 2560px) 100vw, 2560px\" \/><\/a><\/div><div class=\"o-posts-grid-post-body\"><span class=\"o-posts-grid-post-category\"><a href=\"https:\/\/familie-weitgereist.de\/?cat=4\">L\u00e4nder<\/a><\/span><h4 class=\"o-posts-grid-post-title\"><a href=\"https:\/\/familie-weitgereist.de\/?p=24558\">Auf den Spuren der Ureinwohner Gran Canarias<\/a><\/h4><p class=\"o-posts-grid-post-meta\">Posted on <time datetime=\"2026-02-13T23:22:35+01:00\">13. Februar 2026<\/time> by <a href=\"https:\/\/familie-weitgereist.de\/author\/michaela\">Michaela<\/a><\/p><div class=\"o-posts-grid-post-description\"><p>Als 1402 Jean de B\u00e9thencourt erstmals das Archipel der kanarischen Inseln entdeckte, lebten schon se\u2026<\/p><\/div><\/div><\/div><\/div><div class=\"o-posts-grid-post-blog o-posts-grid-post-plain\"><div class=\"o-posts-grid-post\"><div class=\"o-posts-grid-post-image\"><a href=\"https:\/\/familie-weitgereist.de\/?p=24297\"><img loading=\"lazy\" decoding=\"async\" width=\"2560\" height=\"1920\" src=\"https:\/\/familie-weitgereist.de\/wp-content\/uploads\/2026\/01\/1000031595-scaled.jpg\" class=\"attachment-full size-full\" alt=\"Amalfik\u00fcste mit kleinen Kindern und Baby\" srcset=\"https:\/\/familie-weitgereist.de\/wp-content\/uploads\/2026\/01\/1000031595-scaled.jpg 2560w, https:\/\/familie-weitgereist.de\/wp-content\/uploads\/2026\/01\/1000031595-300x225.jpg 300w, https:\/\/familie-weitgereist.de\/wp-content\/uploads\/2026\/01\/1000031595-1024x768.jpg 1024w, https:\/\/familie-weitgereist.de\/wp-content\/uploads\/2026\/01\/1000031595-768x576.jpg 768w, https:\/\/familie-weitgereist.de\/wp-content\/uploads\/2026\/01\/1000031595-1536x1152.jpg 1536w, https:\/\/familie-weitgereist.de\/wp-content\/uploads\/2026\/01\/1000031595-2048x1536.jpg 2048w, https:\/\/familie-weitgereist.de\/wp-content\/uploads\/2026\/01\/1000031595-1200x900.jpg 1200w, https:\/\/familie-weitgereist.de\/wp-content\/uploads\/2026\/01\/1000031595-1980x1485.jpg 1980w, https:\/\/familie-weitgereist.de\/wp-content\/uploads\/2026\/01\/1000031595-150x113.jpg 150w\" sizes=\"(max-width: 2560px) 100vw, 2560px\" \/><\/a><\/div><div class=\"o-posts-grid-post-body\"><span class=\"o-posts-grid-post-category\"><a href=\"https:\/\/familie-weitgereist.de\/?cat=4\">L\u00e4nder<\/a><\/span><h4 class=\"o-posts-grid-post-title\"><a href=\"https:\/\/familie-weitgereist.de\/?p=24297\">Amalfik\u00fcste mit kleinen Kindern und Baby<\/a><\/h4><p class=\"o-posts-grid-post-meta\">Posted on <time datetime=\"2026-01-06T14:00:19+01:00\">6. Januar 2026<\/time> by <a href=\"https:\/\/familie-weitgereist.de\/author\/michaela\">Michaela<\/a><\/p><div class=\"o-posts-grid-post-description\"><p>In den Weihnachtsferien 2025 haben wir einen sehr g\u00fcnstigen Flug von M\u00e1laga nach Rom gebucht. Nachde\u2026<\/p><\/div><\/div><\/div><\/div><\/div> <\/div>\n\n\n<script data-ad-client=\"ca-pub-2294176829745954\" async=\"\" src=\"https:\/\/pagead2.googlesyndication.com\/pagead\/js\/adsbygoogle.js\"><\/script>\n","protected":false},"excerpt":{"rendered":"<p>Wir sind Michaela und Philipp und mittlerweile begleiten uns unsere zwei kleinen Jungs, Merlin und Maris und unser kleines M\u00e4dchen Madita auf allen unseren gro\u00dfen und kleinen Abenteuern. Bevor unser erster Junge geboren wurde, sind wir schon sehr viel gereist. Alle Semesterferien wurden voll ausgesch\u00f6pft, jedes verl\u00e4ngerte Wochenende genutzt. Wieso verreisen wir als Familie? Seitdem [&hellip;]<\/p>\n","protected":false},"author":1,"featured_media":1163,"parent":0,"menu_order":0,"comment_status":"closed","ping_status":"closed","template":"templates\/template-cover.php","meta":{"_themeisle_gutenberg_block_has_review":false,"footnotes":""},"class_list":["post-33","page","type-page","status-publish","has-post-thumbnail","hentry"],"_links":{"self":[{"href":"https:\/\/familie-weitgereist.de\/index.php?rest_route=\/wp\/v2\/pages\/33","targetHints":{"allow":["GET"]}}],"collection":[{"href":"https:\/\/familie-weitgereist.de\/index.php?rest_route=\/wp\/v2\/pages"}],"about":[{"href":"https:\/\/familie-weitgereist.de\/index.php?rest_route=\/wp\/v2\/types\/page"}],"author":[{"embeddable":true,"href":"https:\/\/familie-weitgereist.de\/index.php?rest_route=\/wp\/v2\/users\/1"}],"replies":[{"embeddable":true,"href":"https:\/\/familie-weitgereist.de\/index.php?rest_route=%2Fwp%2Fv2%2Fcomments&post=33"}],"version-history":[{"count":44,"href":"https:\/\/familie-weitgereist.de\/index.php?rest_route=\/wp\/v2\/pages\/33\/revisions"}],"predecessor-version":[{"id":25377,"href":"https:\/\/familie-weitgereist.de\/index.php?rest_route=\/wp\/v2\/pages\/33\/revisions\/25377"}],"wp:featuredmedia":[{"embeddable":true,"href":"https:\/\/familie-weitgereist.de\/index.php?rest_route=\/wp\/v2\/media\/1163"}],"wp:attachment":[{"href":"https:\/\/familie-weitgereist.de\/index.php?rest_route=%2Fwp%2Fv2%2Fmedia&parent=33"}],"curies":[{"name":"wp","href":"https:\/\/api.w.org\/{rel}","templated":true}]}}